{"id":7,"date":"2022-06-22T15:04:37","date_gmt":"2022-06-22T15:04:37","guid":{"rendered":"https:\/\/botniabusiness.se\/?page_id=7"},"modified":"2025-08-27T08:53:08","modified_gmt":"2025-08-27T08:53:08","slug":"tjanster","status":"publish","type":"page","link":"https:\/\/botniabusiness.se\/","title":{"rendered":"Tj\u00e4nster"},"content":{"rendered":"\n<hr class=\"wp-block-separator has-text-color has-alpha-channel-opacity has-background\" style=\"background-color:#0c6a1d;color:#0c6a1d\"\/>\n\n\n\n<h2 class=\"wp-block-heading has-text-align-center\">V\u00e4lkommen till Botnia Business Services<\/h2>\n\n\n\n<p class=\"has-text-align-center\">\u00f6nskar<\/p>\n\n\n\n<p class=\"has-text-align-center\">Kent +46 76 812 1818 eller p\u00e5 mitt finska nr +358 50 562 1734<\/p>\n\n\n\n<hr class=\"wp-block-separator has-text-color has-alpha-channel-opacity has-background\" style=\"background-color:#0c6a1d;color:#0c6a1d\"\/>\n\n\n\n<div class=\"wp-block-cover\"><img loading=\"lazy\" decoding=\"async\" width=\"1920\" height=\"1280\" class=\"wp-block-cover__image-background wp-image-18\" alt=\"\" src=\"https:\/\/botniabusiness.se\/wp-content\/uploads\/2022\/08\/office-building.jpg\" data-object-fit=\"cover\" srcset=\"https:\/\/botniabusiness.se\/wp-content\/uploads\/2022\/08\/office-building.jpg 1920w, https:\/\/botniabusiness.se\/wp-content\/uploads\/2022\/08\/office-building-300x200.jpg 300w, https:\/\/botniabusiness.se\/wp-content\/uploads\/2022\/08\/office-building-1024x683.jpg 1024w, https:\/\/botniabusiness.se\/wp-content\/uploads\/2022\/08\/office-building-768x512.jpg 768w, https:\/\/botniabusiness.se\/wp-content\/uploads\/2022\/08\/office-building-1536x1024.jpg 1536w, https:\/\/botniabusiness.se\/wp-content\/uploads\/2022\/08\/office-building-720x480.jpg 720w\" sizes=\"auto, (max-width: 1920px) 100vw, 1920px\" \/><span aria-hidden=\"true\" class=\"wp-block-cover__background has-background-dim-60 has-background-dim\" style=\"background-color:#084f2d\"><\/span><div class=\"wp-block-cover__inner-container is-layout-flow wp-block-cover-is-layout-flow\">\n<p class=\"has-text-align-center has-large-font-size\">Finns det Webbtj\u00e4nster? JA<\/p>\n\n\n\n<p class=\"has-text-align-center has-large-font-size\">Vill ni n\u00e5 ut nya marknader?<\/p>\n\n\n\n<p class=\"has-text-align-center has-large-font-size\">Vi anpassar v\u00e5ra tj\u00e4nster enligt ditt behov?<\/p>\n<\/div><\/div>\n\n\n\n<hr class=\"wp-block-separator has-text-color has-alpha-channel-opacity has-background\" style=\"background-color:#0c6a1d;color:#0c6a1d\"\/>\n\n\n\n<p>Vi tillhandah\u00e5ller \u00e4ven Saas- tj\u00e4nster inom IT, v\u00e5rt moderbolag Kensoft Consulting Ab Oy \u00e4r ett renodlat dataf\u00f6retag med varierande datatj\u00e4nster f\u00f6r den nordiska marknaden. Ta g\u00e4rna kontakt via telefon s\u00e5 f\u00e5r du veta mera om oss eller l\u00e4s om oss p\u00e5 v\u00e5r Finlandssvenska hemsida <a href=\"https:\/\/botniabusiness.fi\/sv\/hem\/\">Botnia Business Services Oy Ab \u2013 Nordic B2B Partner<\/a> ni kan ocks\u00e5 meijla till kent.ekman(at)botniabusiness.se<\/p>\n\n\n\n<hr class=\"wp-block-separator has-text-color has-alpha-channel-opacity has-background\" style=\"background-color:#0c6a1d;color:#0c6a1d\"\/>\n\n\n\n<p><\/p>\n","protected":false},"excerpt":{"rendered":"<p>V\u00e4lkommen till Botnia Business Services \u00f6nskar Kent +46 76 812 1818 eller p\u00e5 mitt finska nr +358 50 562 1734 Vi tillhandah\u00e5ller \u00e4ven Saas- tj\u00e4nster inom IT, v\u00e5rt moderbolag Kensoft Consulting Ab Oy \u00e4r ett renodlat dataf\u00f6retag med varierande datatj\u00e4nster f\u00f6r den nordiska marknaden. Ta g\u00e4rna kontakt via telefon s\u00e5 f\u00e5r du veta mera om [&hellip;]<\/p>\n","protected":false},"author":1,"featured_media":0,"parent":0,"menu_order":0,"comment_status":"closed","ping_status":"closed","template":"","meta":{"footnotes":""},"class_list":["post-7","page","type-page","status-publish","hentry","post"],"_links":{"self":[{"href":"https:\/\/botniabusiness.se\/index.php?rest_route=\/wp\/v2\/pages\/7","targetHints":{"allow":["GET"]}}],"collection":[{"href":"https:\/\/botniabusiness.se\/index.php?rest_route=\/wp\/v2\/pages"}],"about":[{"href":"https:\/\/botniabusiness.se\/index.php?rest_route=\/wp\/v2\/types\/page"}],"author":[{"embeddable":true,"href":"https:\/\/botniabusiness.se\/index.php?rest_route=\/wp\/v2\/users\/1"}],"replies":[{"embeddable":true,"href":"https:\/\/botniabusiness.se\/index.php?rest_route=%2Fwp%2Fv2%2Fcomments&post=7"}],"version-history":[{"count":13,"href":"https:\/\/botniabusiness.se\/index.php?rest_route=\/wp\/v2\/pages\/7\/revisions"}],"predecessor-version":[{"id":43,"href":"https:\/\/botniabusiness.se\/index.php?rest_route=\/wp\/v2\/pages\/7\/revisions\/43"}],"wp:attachment":[{"href":"https:\/\/botniabusiness.se\/index.php?rest_route=%2Fwp%2Fv2%2Fmedia&parent=7"}],"curies":[{"name":"wp","href":"https:\/\/api.w.org\/{rel}","templated":true}]}}